{"id":13538,"date":"2025-08-20T15:10:21","date_gmt":"2025-08-20T13:10:21","guid":{"rendered":"https:\/\/www.thalgo.be\/?post_type=product&#038;p=13538"},"modified":"2025-08-20T16:41:05","modified_gmt":"2025-08-20T14:41:05","slug":"mousticool-muggenwerende-hydraterende-lotion-copie","status":"publish","type":"product","link":"https:\/\/www.thalgo.be\/nl\/produit\/mousticool-muggenwerende-hydraterende-lotion-copie\/","title":{"rendered":"Mousticool &#8211; Muggenwerende Hydraterende Lotion (Copie)"},"content":{"rendered":"<div class=\"wpb-content-wrapper\"><p>[vc_row][vc_column][vc_column_text css=&#8221;&#8221;]De natuurlijke ingredi\u00ebnten in onze Mousticool geurlotion<\/p>\n<p>Essenti\u00eble oliecomplex: de essenti\u00eble oli\u00ebn van pepermunt, geranium Bourbon, citroengras, lavendel en citroen-eucalyptus staan bekend om hun insectwerende eigenschappen. Ze zijn zorgvuldig geselecteerd en gedoseerd voor gebruik bij kinderen.<\/p>\n<p>Catalpa is een inheemse boom in Noord-Amerika, die van oudsher wordt geplant in tuinen bij waterlopen of moerassen die worden geteisterd door muggen. Het zit vol met actieve ingredi\u00ebnten die muggen afweren.<\/p>\n<p>Citroenwater staat er van nature om bekend muggen af te weren, terwijl het de huid hydrateert.<\/p>\n<p>Polysachariden en plantaardige oli\u00ebn: de complementaire aard van polysachariden en vetten betekent dat het product lang op de huid blijft zitten en zorgt voor langdurige doeltreffendheid en comfort door een beschermende barri\u00e8re voor de opperhuid te cre\u00ebren.<\/p>\n<p>99% ingredi\u00ebnten van natuurlijke oorsprong<br \/>\n24% van de ingredi\u00ebnten van biologische landbouw<br \/>\n50\/100 : Goed voor Yuka<br \/>\nDit product is veganistisch<br \/>\nCosmos biologisch gecertificeerd door Ecocert Greenlife volgens de COSMOS standaard<\/p>\n<h2>Resultaten<\/h2>\n<p>De verjagende werking van Mousticool tegen muggen is bewezen door de arm in kooi test!<\/p>\n<p>Deze test beoordeelt de insectwerende werking van een product in overeenstemming met de aanbevelingen van de WHO. Elk uur wordt een met lotion ingesmeerde arm in een kooi met vrouwelijke muggen gestoken. Het aantal pogingen tot steken werd geteld over een periode van 3 minuten. Het beschermingspercentage geeft de vermindering aan van het aantal pogingen tot beten in vergelijking met de onbehandelde arm.<\/p>\n<p>Doeltreffendheid bij aanbrengen: 95% bescherming*.<br \/>\nNa 2 uur: 74% bescherming*.<br \/>\nNa 4 uur: 57% bescherming<\/p>\n<p>Hydratatietest**: + 71% hydratatie 2 uur na aanbrengen<br \/>\n+ 60% hydratatie 4 uur na aanbrengen<\/p>\n<p>Het product heeft een lichte, vloeibare textuur: 100%***.<br \/>\nHet product smeert goed uit: 100%***<br \/>\nHet product dringt snel in: 100%***<br \/>\nDe huid voelt zacht aan: 95%***<br \/>\nDe huid is beschermd: 95%***<\/p>\n<p>*Gemiddeld beschermingspercentage berekend na de arm in kooi test uitgevoerd door Entostudio S.r.l op 11\/01\/22 op 5 proefpersonen met Aedes albopictus (tijgermug).<\/p>\n<p>**Stijgingspercentage van de hydratatie van de huid bij 11 vrijwilligers.<\/p>\n<h2>Ingredi\u00ebnten<\/h2>\n<p>AQUA (WATER), CITRUS LIMON (LEMON) FRUIT WATER*, GLYCERIN, GLYCERYL OLEATE CITRATE, CAPRYLIC\/CAPRIC TRIGLYCERIDE, HELIANTHUS ANNUUS (SUNFLOWER) SEED OIL*, HEPTYL UNDECYLENATE, COCO-CAPRYLATE\/CAPRATE, BIOSACCHARIDE GUM-1, CATALPA BIGNONIOIDES LEAF EXTRACT, CYMBOPOGON NARDUS (CITRONELLA) OIL*, EUCALYPTUS CITRIODORA OIL*, GLYCERYL CAPRYLATE, PELARGONIUM GRAVEOLENS OIL*, SODIUM ANISATE, SODIUM LEVULINATE, TOCOPHEROL, VERBENA OFFICINALIS FLOWER\/LEAF EXTRACT*, XANTHAN GUM, LAVANDULA ANGUSTIFOLIA (LAVENDER) OIL*, MENTHA PIPERITA (PEPPERMINT) OIL*, POTASSIUM SORBATE, SODIUM BENZOATE, CITRAL, CITRONELLOL, GERANIOL, LIMONENE, LINALOOL<br \/>\n* Ingredi\u00ebnten uit Biologische landbouw<\/p>\n<h2>Gebruiksadvies<\/h2>\n<p>Als er muggen in de buurt zijn, schud ik de fles en spray ik de lotion op mijn huid. Masseer het in. Ik vergeet niet wat in mijn nek en achter mijn oren aan te brengen. Voor een betere bescherming breng ik het elke 2 uur opnieuw aan. Niet op het gezicht aanbrengen.<\/p>\n<p>Mousticool is gemakkelijk aan te brengen dankzij de filmogene eigenschappen, op dezelfde manier als een zonneproduct of een hydraterende lichaamscr\u00e8me. Het is belangrijk dat het de hele blootgestelde huid bedekt, want in tegenstelling tot traditionele muggenwerende middelen doodt het de muggen niet, maar weerhoudt het ze ervan om op de huid te landen en de beschermde zones te steken![\/vc_column_text][\/vc_column][\/vc_row]<\/p>\n<\/div>","protected":false},"excerpt":{"rendered":"<p>HYDRATEERT | HOUDT MUGGEN OP AFSTAND | VERMINDERT BETEN<\/p>\n<p>Zodra het warm weer wordt, zijn de muggen niet ver weg en staan ze klaar om je kinderen te bijten zodra er een stukje huid zichtbaar is!<\/p>\n<p>Mousticool TOOFRUIT gecertificeerde biologische geparfumeerde vochtinbrengende lotion is de perfecte bondgenoot om dit ongedierte op afstand te houden! Vanaf 3 jaar helpt deze lotion muggen op een natuurlijke manier weg te houden en vermindert het aantal beten tot 8 uur lang.<\/p>\n<p>De lichte formule plakt niet, is niet vet en wordt snel opgenomen. Het maakt de huid zacht, geurig en beschermd.<\/p>\n<p>Mousticool won een 2022 Gold Award bij de Cosm\u00e9tiquemag Awards in de categorie kinderen!<\/p>\n<p>Alle huidtypes, zelfs de gevoelige huid | Vanaf 3 jaar | 100 ml<\/p>\n","protected":false},"featured_media":13542,"template":"","meta":{"_acf_changed":false},"marque":[61],"product_brand":[],"product_cat":[43,47,287],"product_tag":[64],"class_list":{"0":"post-13538","1":"product","2":"type-product","3":"status-publish","4":"has-post-thumbnail","6":"marque-toofruit-nl","7":"product_cat-visage-nl","8":"product_cat-corps-nl","9":"product_cat-enfant-2","10":"product_tag-toofruit","12":"first","13":"instock","14":"taxable","15":"shipping-taxable","16":"purchasable","17":"product-type-simple"},"acf":[],"_links":{"self":[{"href":"https:\/\/www.thalgo.be\/nl\/wp-json\/wp\/v2\/product\/13538","targetHints":{"allow":["GET"]}}],"collection":[{"href":"https:\/\/www.thalgo.be\/nl\/wp-json\/wp\/v2\/product"}],"about":[{"href":"https:\/\/www.thalgo.be\/nl\/wp-json\/wp\/v2\/types\/product"}],"wp:featuredmedia":[{"embeddable":true,"href":"https:\/\/www.thalgo.be\/nl\/wp-json\/wp\/v2\/media\/13542"}],"wp:attachment":[{"href":"https:\/\/www.thalgo.be\/nl\/wp-json\/wp\/v2\/media?parent=13538"}],"wp:term":[{"taxonomy":"marque","embeddable":true,"href":"https:\/\/www.thalgo.be\/nl\/wp-json\/wp\/v2\/marque?post=13538"},{"taxonomy":"product_brand","embeddable":true,"href":"https:\/\/www.thalgo.be\/nl\/wp-json\/wp\/v2\/product_brand?post=13538"},{"taxonomy":"product_cat","embeddable":true,"href":"https:\/\/www.thalgo.be\/nl\/wp-json\/wp\/v2\/product_cat?post=13538"},{"taxonomy":"product_tag","embeddable":true,"href":"https:\/\/www.thalgo.be\/nl\/wp-json\/wp\/v2\/product_tag?post=13538"}],"curies":[{"name":"wp","href":"https:\/\/api.w.org\/{rel}","templated":true}]}}