{"id":12093,"date":"2024-06-12T15:30:08","date_gmt":"2024-06-12T13:30:08","guid":{"rendered":"https:\/\/www.thalgo.be\/produit\/douces-mimines-creme-main-50-ml-2\/"},"modified":"2025-02-04T14:56:52","modified_gmt":"2025-02-04T13:56:52","slug":"hydraterende-handcreme-douces-mimines-50-ml-2","status":"publish","type":"product","link":"https:\/\/www.thalgo.be\/nl\/produit\/hydraterende-handcreme-douces-mimines-50-ml-2\/","title":{"rendered":"Hydraterende Handcreme Douces Mimines 50 ml"},"content":{"rendered":"<div class=\"wpb-content-wrapper\"><p>[vc_row][vc_column][vc_column_text css=&#8221;&#8221;]De natuurlijke ingredi\u00ebnten van onze Vochtinbrengende Handcr\u00e8me Douces Mimines<\/p>\n<p>Biologisch bosbessenwater<\/p>\n<p>Rijk aan polyfenolen en met antioxiderende eigenschappen. Het helpt de huid beschermen tegen agressieve invloeden van buitenaf.<\/p>\n<p>Biologisch arnica hydrolaat<\/p>\n<p>Verzachtende, kalmerende en ontstekingsremmende eigenschappen, waardoor het een bondgenoot is voor droge, trekkerige of jeukende handen.<\/p>\n<p>Biologische sheaboter<\/p>\n<p>Rijk aan onverzadigde bestanddelen en vitamine A, D, E en F, beschermt, verzacht en herstructureert de beschadigde huid.<\/p>\n<p>Biologische alo\u00eb vera<\/p>\n<p>Rijk aan vitaminen, mineralen, aminozuren en polysacchariden, heeft een hydraterende, verzachtende en ontstekingsremmende werking.<\/p>\n<p>Biologisch bisabolol<\/p>\n<p>Vervaardigd uit de destillatie van de essenti\u00eble olie van Candeia. Het heeft kalmerende, ontstekingsremmende, herstellende en antioxiderende eigenschappen. Het helpt huidirritatie en roodheid tegen te gaan, waardoor het bijzonder geschikt is voor de gevoelige huid.<\/p>\n<p>Bio\u00e9colia\u00ae (of alfaglucaanoligosacharide)<\/p>\n<p>Prebioticum dat voor een gezonde microbi\u00eble flora zorgt. Het helpt het evenwicht van de huidflora te herstellen, wat het herstel van de huid bevordert en zorgt voor een duurzame bescherming tegen agressieve invloeden van buitenaf.<\/p>\n<p>Filmo-Protect Complex<\/p>\n<p>Ge\u00efnspireerd op de samenstelling van talg, het omhult de huid met een beschermende laag en voorkomt uitdroging.<\/p>\n<p>99,7% ingredi\u00ebnten van natuurlijke oorsprong<br \/>\n30,9% van de ingredi\u00ebnten van biologische landbouw<br \/>\n100\/100: Uitstekend op Yuka<br \/>\n18,3\/20: INCI schoonheidsscore<br \/>\nDit product is veganistisch<br \/>\nCOSMOS ORGANIC gecertificeerd door Ecocert Greenlife volgens de COSMOS normen.<\/p>\n<h2>Resultaten<\/h2>\n<p>De handen zijn gehydrateerd, zacht, comfortabel en beschermd tegen uitdroging.<\/p>\n<p>Bewezen doeltreffendheid*: 100% van de testers zegt&#8230;<br \/>\nDe cr\u00e8me trekt snel in en laat de huid niet vet aanvoelen.<br \/>\nNa het eerste gebruik voelt de huid comfortabeler en zachter aan.<br \/>\nDe handen zijn gevoed en gehydrateerd.<br \/>\nDe cr\u00e8me verzacht een trekkerig en oncomfortabel gevoel vanaf de eerste dag van gebruik.<\/p>\n<p>Na 21 dagen gebruik:<br \/>\nHet product geeft het gevoel dat de huid intensief hersteld is.<br \/>\nHet product beschermt de huid tegen uitdroging.<br \/>\nDe huid is zachter en soepeler.<br \/>\nDe tekenen van een droge huid zijn verminderd.<\/p>\n<p>*Gebruikstest onder dermatologische controle bij 20 proefpersonen met een gevoelige, droge tot zeer droge en beschadigde huid.<br \/>\nGebruik 2 tot 3 keer per dag gedurende 3 weken.<\/p>\n<h2>Ingredi\u00ebnten<\/h2>\n<p>AQUA (WATER), BUTYROSPERMUM PARKII (SHEA) BUTTER*, GLYCERIN, HELIANTHUS ANNUUS (SUNFLOWER) SEED OIL*, BEHENYL ALCOHOL, TRIHEPTANOIN, GLYCERYL STEARATE, ARNICA MONTANA FLOWER WATER*, GLYCERYL STEARATE CITRATE, COCOS NUCIFERA (COCONUT) OIL*, PARFUM (FRAGRANCE), VACCINIUM MYRTILLUS FRUIT WATER*, GLUCONOLACTONE, ALPHA-GLUCAN OLIGOSACCHARIDE, XANTHAN GUM, HYDROGENATED VEGETABLE OIL, SODIUM BENZOATE, TOCOPHEROL, BISABOLOL*, RUBUS IDAEUS (RASPBERRY) SEED OIL*, SODIUM HYDROXIDE, PERSEA GRATISSIMA (AVOCADO) FRUIT EXTRACT*, ALOE BARBADENSIS LEAF JUICE POWDER*, OLEA EUROPAEA (OLIVE) FRUIT OIL, POTASSIUM SORBATE, CALCIUM GLUCONATE, CITRIC ACID.<br \/>\n*Ingredi\u00ebnten van Biologische teelt<\/p>\n<h2>Gebruiksadvies<\/h2>\n<p>Onze vochtinbrengende handcr\u00e8me Douces Mimines wordt aangebracht op een schone, droge huid. Verdeel de cr\u00e8me in de handpalm en wrijf beide handen tegen elkaar tot dat de cr\u00e8me volledig is opgenomen. Onze cr\u00e8me kan zonder mate dagelijks worden gebruikt, voor zachte handen in alle omstandigheden!<br \/>\nIk stop het in mijn schooltas zodat ik het altijd bij de hand heb, zomer of winter![\/vc_column_text][\/vc_column][\/vc_row]<\/p>\n<\/div>","protected":false},"excerpt":{"rendered":"<p>Maak kennis met Douce Mimines, de handcr\u00e8me die kinderhanden hydrateert: een nieuwe favoriet bij jong en oud!<\/p>\n<p>Douce Mimines handcr\u00e8me is biologisch gecertificeerd en gemaakt met meer dan 99% natuurlijke ingredi\u00ebnten. De cr\u00e8me hydrateert, voedt en herstelt beschadigde kinderhanden dankzij de formule die verrijkt is met biologische sheaboter en biologische alo\u00eb vera. Het beschermt ze ook tegen agressieve invloeden van buitenaf.<\/p>\n<p>De niet-vette, fruitige textuur hult kinderhanden in een zachte geur. Comfort en zachtheid gegarandeerd!<\/p>\n<p>Respect voor de kinderhuid en de natuur: een formule getest op de gevoelige huid in een gerecyclede plastic tube.<\/p>\n","protected":false},"featured_media":12948,"template":"","meta":{"_acf_changed":false},"marque":[61],"product_brand":[],"product_cat":[287],"product_tag":[64],"class_list":{"0":"post-12093","1":"product","2":"type-product","3":"status-publish","4":"has-post-thumbnail","6":"marque-toofruit-nl","7":"product_cat-enfant-2","8":"product_tag-toofruit","10":"first","11":"instock","12":"taxable","13":"shipping-taxable","14":"purchasable","15":"product-type-simple"},"acf":[],"_links":{"self":[{"href":"https:\/\/www.thalgo.be\/nl\/wp-json\/wp\/v2\/product\/12093","targetHints":{"allow":["GET"]}}],"collection":[{"href":"https:\/\/www.thalgo.be\/nl\/wp-json\/wp\/v2\/product"}],"about":[{"href":"https:\/\/www.thalgo.be\/nl\/wp-json\/wp\/v2\/types\/product"}],"wp:featuredmedia":[{"embeddable":true,"href":"https:\/\/www.thalgo.be\/nl\/wp-json\/wp\/v2\/media\/12948"}],"wp:attachment":[{"href":"https:\/\/www.thalgo.be\/nl\/wp-json\/wp\/v2\/media?parent=12093"}],"wp:term":[{"taxonomy":"marque","embeddable":true,"href":"https:\/\/www.thalgo.be\/nl\/wp-json\/wp\/v2\/marque?post=12093"},{"taxonomy":"product_brand","embeddable":true,"href":"https:\/\/www.thalgo.be\/nl\/wp-json\/wp\/v2\/product_brand?post=12093"},{"taxonomy":"product_cat","embeddable":true,"href":"https:\/\/www.thalgo.be\/nl\/wp-json\/wp\/v2\/product_cat?post=12093"},{"taxonomy":"product_tag","embeddable":true,"href":"https:\/\/www.thalgo.be\/nl\/wp-json\/wp\/v2\/product_tag?post=12093"}],"curies":[{"name":"wp","href":"https:\/\/api.w.org\/{rel}","templated":true}]}}