{"id":12085,"date":"2024-06-12T15:29:54","date_gmt":"2024-06-12T13:29:54","guid":{"rendered":"https:\/\/www.thalgo.be\/produit\/mon-1er-deo-solide-pomme-aloe-vera-2\/"},"modified":"2025-02-04T14:56:49","modified_gmt":"2025-02-04T13:56:49","slug":"mijn-1ste-vaste-deo-appel-aloe-vera-2","status":"publish","type":"product","link":"https:\/\/www.thalgo.be\/nl\/produit\/mijn-1ste-vaste-deo-appel-aloe-vera-2\/","title":{"rendered":"Mijn 1ste Vaste Deo Appel-Aloe Vera"},"content":{"rendered":"<div class=\"wpb-content-wrapper\"><p>[vc_row][vc_column][vc_column_text css=&#8221;&#8221;]De natuurlijke ingredi\u00ebnten in Mijn 1ste Vaste Deo appel-aloe vera.<\/p>\n<p>Biologische sheaboter geeft een smeltende textuur die de huid beschermt en verzacht.<\/p>\n<p>Magnesiumhydroxide is een zachter alternatief voor mogelijk irriterend zuiveringszout, absorbeert vocht en reguleert de pH. Geur veroorzakende bacteri\u00ebn worden geneutraliseerd.<\/p>\n<p>Organische tapioca- en bamboepoeders absorberen zweet en verminderen het gevoel van nattigheid, waardoor de deodorant zacht aanvoelt.<\/p>\n<p>Zink ricinoleaat is een zeer effectieve natuurlijke deodorant op basis van ricinusolie en zinkoxide. Biologische appelolie maceraat heeft hydraterende en verzachtende eigenschappen, terwijl biologische alo\u00eb vera olie bekend staat om het voeden en verzachten van de huid.<\/p>\n<p>100% van de ingredi\u00ebnten zijn van natuurlijke oorsprong<br \/>\n43% van de ingredi\u00ebnten zijn afkomstig van biologische landbouw<br \/>\n100\/100 : Uitstekend op Yuka<br \/>\nDit product is veganistisch<br \/>\nCosmos biologisch gecertificeerd door Ecocert Greenlife volgens de COSMOS normen<\/p>\n<h2>Resultaten<\/h2>\n<p>Bewezen effectiviteit<br \/>\nVocht wordt geabsorbeerd: 67%*.<\/p>\n<p>Onaangename geurtjes worden geneutraliseerd: 67%*.<\/p>\n<p>De oksels zijn niet ge\u00efrriteerd: 90%*.<\/p>\n<p>* Tevredenheidspercentages. Gebruikerstest onder dermatologische controle bij 20 proefpersonen met een gevoelige huid gedurende 21 dagen.<\/p>\n<h2>Ingredi\u00ebnten<\/h2>\n<p>AQUA (WATER), SALVIA OFFICINALIS (SAGE) WATER*, GLYCERIN, TRIETHYL CITRATE, HAMAMELIS VIRGINIANA (WITCH HAZEL) LEAF WATER*, MALUS DOMESTICA (APPLE) FRUIT WATER*, PARFUM (FRAGRANCE), ACACIA SENEGAL GUM, XANTHAN GUM, BENZYL ALCOHOL, LEVULINIC ACID, BISABOLOL*, LAURYL GLUCOSIDE, POLYGLYCERYL-2 DIPOLYHYDROXYSTEARATE, SCLEROTIUM GUM, PRUNUS AMYGDALUS DULCIS (SWEET ALMOND) OIL*, PRUNUS ARMENIACA (APRICOT) KERNEL OIL*, SODIUM LEVULINATE, BAMBUSA ARUNDINACEA STEM EXTRACT, ALOE BARBADENSIS LEAF JUICE POWDER*, ZINC PCA, DEHYDROACETIC ACID, LEUCONOSTOC\/RADISH ROOT FERMENT FILTRATE, TOCOPHEROL, BIOSACCHARIDE GUM-1, CITRIC ACID, GLYCERYL CAPRYLATE, SODIUM ANISATE<br \/>\n*Ingredi\u00ebnten uit Biologische landbouw<\/p>\n<h2>Gebruiksadvies<\/h2>\n<p>Als ik hem voor het eerst gebruik, maak ik het lipje los om mijn deodorant te openen. Ik gebruik het onderste deel om mijn deodorant in te bewaren en het bovenste deel als dop.<\/p>\n<p>Ik houd mijn deodorant bij het onderste deel van het doosje en schuif het 4 of 5 keer onder mijn schone, droge oksel om het product te laten smelten, zodat het hele gebied bedekt is. Ik bewaar het in het doosje.<\/p>\n<p>Super zuinig &amp; ecologisch: deze vaste deodorant gaat minstens 3 maanden mee bij dagelijks gebruik![\/vc_column_text][\/vc_column][\/vc_row]<\/p>\n<\/div>","protected":false},"excerpt":{"rendered":"<p>NUL PLASTIC | GEEN BICARBONAAT | GEEN ESSENTI\u00cbLE OLI\u00cbN<\/p>\n<p>Maak kennis met de 1e echte biologische Solid Deodorant voor kinderen!<\/p>\n<p>My 1st Apple-Aloe Vera Solid Deodorant neutraliseert de onaangename geurtjes van lichte transpiratie en absorbeert vocht gedurende de vaak zeer actieve dag van kinderen. Dit alles zonder het natuurlijke zweetproces te blokkeren.<\/p>\n<p>De zachte, smeltende textuur is bijzonder geschikt voor kinderen. De krachtige deodorantingredi\u00ebnten op plantaardige basis helpen de huidflora te reguleren. Het is geformuleerd zonder zuiveringszout of essenti\u00eble oli\u00ebn om de gevoelige, kwetsbare huid van kinderen te beschermen. Het kan gebruikt worden vanaf 5 jaar.<\/p>\n<p>Vaste deodorant kan hard worden als het koud is, dus de truc is om het een beetje op te warmen in de palm van je hand voordat je het aanbrengt.<\/p>\n<p>De TOOFRUITEN die in dit product worden gebruikt: appel en alo\u00eb vera. Fris en pittig tegelijk, zodat je je goed voelt in en met je huid!<\/p>\n<p>Gevoelige huid | Vanaf 5 jaar | 36 ml<\/p>\n<p>1 gratis educatief boekje zodat je kind de vaste deodorant zelfstandig kan gebruiken.<\/p>\n","protected":false},"featured_media":11569,"template":"","meta":{"_acf_changed":false},"marque":[],"product_brand":[],"product_cat":[],"product_tag":[],"class_list":{"0":"post-12085","1":"product","2":"type-product","3":"status-publish","4":"has-post-thumbnail","7":"first","8":"instock","9":"taxable","10":"shipping-taxable","11":"purchasable","12":"product-type-simple"},"acf":[],"_links":{"self":[{"href":"https:\/\/www.thalgo.be\/nl\/wp-json\/wp\/v2\/product\/12085","targetHints":{"allow":["GET"]}}],"collection":[{"href":"https:\/\/www.thalgo.be\/nl\/wp-json\/wp\/v2\/product"}],"about":[{"href":"https:\/\/www.thalgo.be\/nl\/wp-json\/wp\/v2\/types\/product"}],"wp:featuredmedia":[{"embeddable":true,"href":"https:\/\/www.thalgo.be\/nl\/wp-json\/wp\/v2\/media\/11569"}],"wp:attachment":[{"href":"https:\/\/www.thalgo.be\/nl\/wp-json\/wp\/v2\/media?parent=12085"}],"wp:term":[{"taxonomy":"marque","embeddable":true,"href":"https:\/\/www.thalgo.be\/nl\/wp-json\/wp\/v2\/marque?post=12085"},{"taxonomy":"product_brand","embeddable":true,"href":"https:\/\/www.thalgo.be\/nl\/wp-json\/wp\/v2\/product_brand?post=12085"},{"taxonomy":"product_cat","embeddable":true,"href":"https:\/\/www.thalgo.be\/nl\/wp-json\/wp\/v2\/product_cat?post=12085"},{"taxonomy":"product_tag","embeddable":true,"href":"https:\/\/www.thalgo.be\/nl\/wp-json\/wp\/v2\/product_tag?post=12085"}],"curies":[{"name":"wp","href":"https:\/\/api.w.org\/{rel}","templated":true}]}}