{"id":12070,"date":"2024-06-12T15:29:30","date_gmt":"2024-06-12T13:29:30","guid":{"rendered":"https:\/\/www.thalgo.be\/produit\/chasse-o-poux-mon-spray-repulsif-2\/"},"modified":"2025-02-04T14:56:40","modified_gmt":"2025-02-04T13:56:40","slug":"chasse-o-poux-mijn-luizenwerende-spray-2","status":"publish","type":"product","link":"https:\/\/www.thalgo.be\/nl\/produit\/chasse-o-poux-mijn-luizenwerende-spray-2\/","title":{"rendered":"Chasse \u00d4 Poux \u2013 Mijn Luizenwerende Spray"},"content":{"rendered":"<div class=\"wpb-content-wrapper\"><p>[vc_row][vc_column][vc_column_text css=&#8221;&#8221;]De natuurlijke ingredi\u00ebnten in onze Luizenwerende Spray<\/p>\n<p>BIOLOGISCH appelazijn (azijnzuur) lost het beschermende omhulsel van neten op en voorkomt dat ze aan het haar blijven kleven.<\/p>\n<p>BIOLOGISCH citroenwater is een uitstekende natuurlijke preventieve behandeling tegen luizen.<\/p>\n<p>Duizendknoop is een wilde plant die luizen verdrijft en jeuk verzacht. Beter bekend als \u201conkruid\u201d, gebruiken we dus een natuurlijke hulpbron die meestal wordt weggegooid. De planeet dankt ons!<\/p>\n<p>99% van de ingredi\u00ebnten is van natuurlijke oorsprong<br \/>\n20% van de ingredi\u00ebnten zijn biologisch geteeld<br \/>\n100\/100: Uitstekend op Yuka<br \/>\nDit product is veganistisch<br \/>\nCosmos biologisch gecertificeerd door Ecocert Greenlife volgens de COSMOS standaard<\/p>\n<h2>Resultaten<\/h2>\n<p>Luizen worden afgestoten en zullen zich niet op je hoofd willen nestelen. De pittige geur stoot luizen af, maar niet je vriendjes!<br \/>\nGetest en goedgekeurd door de testersclub van Toofruit.<\/p>\n<h2>Ingredi\u00ebnten<\/h2>\n<p>AQUA (WATER), CITRUS LIMON (LEMON) FRUIT EXTRACT*, GLYCERIN**, ACETUM**, CAPRYLYL\/CAPRYL GLUCOSIDE, POLYGONUM AVICULARE EXTRACT*, CITRIC ACID, PARFUM (FRAGRANCE), POTASSIUM SORBATE, SODIUM BENZOATE<br \/>\n*Ingredi\u00ebnten van biologische landbouw<br \/>\n**Verwerkt met biologische ingredi\u00ebnten<\/p>\n<h2>Gebruiksadvies<\/h2>\n<p>Ik droog mijn haar voorzichtig met een handdoek. Ik breng het afweermiddel aan op de haarlijn. Spoelen is niet nodig. Ik kan het middel ook op mijn kleding sprayen. Gebruik het gedurende meerdere dagen tijdens de hoofdluisinvasie.<\/p>\n<p>Vaarwel vervelende luizen en neten, je zult deze keer niet winnen, en dat is maar goed ook![\/vc_column_text][\/vc_column][\/vc_row]<\/p>\n<\/div>","protected":false},"excerpt":{"rendered":"<p>HOUDT LUIZEN WEG | GE\u00cfNSPIREERD DOOR NATUURLIJKE GROOTMOEDER REMEDIES | ZONDER ESSENTI\u00cbLE OLI\u00cbN<\/p>\n<p>Geen last meer van parasieten! Ons Biologisch Luizenwerende Spray is speciaal ontwikkeld voor kinderen.<\/p>\n<p>Ge\u00efnspireerd door de natuurlijke middeltjes van onze grootmoeders, is het een natuurlijke, biologische en gezonde oplossing om van hoofdluis af te komen. Als vierde stap in de Chasse \u00d4 Poux routine, heeft deze afwerende spray een preventieve werking en helpt het om ongewenste gasten weg te houden. Het kan ook preventief gebruikt worden op schoon en droog haar gedurende enkele dagen voor een behandelingsprotocol. Het bevat geen essenti\u00eble oli\u00ebn, is niet giftig en veilig voor jonge kinderen en stelt hun hoofdhuid niet te veel bloot.<\/p>\n<p>Met Chasse \u00d4 Poux Luizenwerende Spray is er geen plaats meer voor luizen op het hoofd van je kinderen!<\/p>\n<p>Vanaf 3 jaar 125 ml<\/p>\n","protected":false},"featured_media":11527,"template":"","meta":{"_acf_changed":false},"marque":[61],"product_brand":[],"product_cat":[46,287],"product_tag":[64],"class_list":{"0":"post-12070","1":"product","2":"type-product","3":"status-publish","4":"has-post-thumbnail","6":"marque-toofruit-nl","7":"product_cat-cheveux-nl","8":"product_cat-enfant-2","9":"product_tag-toofruit","11":"first","12":"instock","13":"taxable","14":"shipping-taxable","15":"purchasable","16":"product-type-simple"},"acf":[],"_links":{"self":[{"href":"https:\/\/www.thalgo.be\/nl\/wp-json\/wp\/v2\/product\/12070","targetHints":{"allow":["GET"]}}],"collection":[{"href":"https:\/\/www.thalgo.be\/nl\/wp-json\/wp\/v2\/product"}],"about":[{"href":"https:\/\/www.thalgo.be\/nl\/wp-json\/wp\/v2\/types\/product"}],"wp:featuredmedia":[{"embeddable":true,"href":"https:\/\/www.thalgo.be\/nl\/wp-json\/wp\/v2\/media\/11527"}],"wp:attachment":[{"href":"https:\/\/www.thalgo.be\/nl\/wp-json\/wp\/v2\/media?parent=12070"}],"wp:term":[{"taxonomy":"marque","embeddable":true,"href":"https:\/\/www.thalgo.be\/nl\/wp-json\/wp\/v2\/marque?post=12070"},{"taxonomy":"product_brand","embeddable":true,"href":"https:\/\/www.thalgo.be\/nl\/wp-json\/wp\/v2\/product_brand?post=12070"},{"taxonomy":"product_cat","embeddable":true,"href":"https:\/\/www.thalgo.be\/nl\/wp-json\/wp\/v2\/product_cat?post=12070"},{"taxonomy":"product_tag","embeddable":true,"href":"https:\/\/www.thalgo.be\/nl\/wp-json\/wp\/v2\/product_tag?post=12070"}],"curies":[{"name":"wp","href":"https:\/\/api.w.org\/{rel}","templated":true}]}}