{"id":12068,"date":"2024-06-12T15:29:27","date_gmt":"2024-06-12T13:29:27","guid":{"rendered":"https:\/\/www.thalgo.be\/produit\/chasse-o-poux-mon-shampoing-2\/"},"modified":"2025-02-04T14:56:40","modified_gmt":"2025-02-04T13:56:40","slug":"chasse-o-poux-mijn-shampoo-2","status":"publish","type":"product","link":"https:\/\/www.thalgo.be\/nl\/produit\/chasse-o-poux-mijn-shampoo-2\/","title":{"rendered":"Chasse \u00d4 Poux \u2013 Mijn Shampoo"},"content":{"rendered":"<div class=\"wpb-content-wrapper\"><p>[vc_row][vc_column][vc_column_text css=&#8221;&#8221;]De natuurlijke ingredi\u00ebnten in ons Luizen shampoo<\/p>\n<p>ORGANISCHE appelazijn (azijnzuur) lost het beschermende omhulsel van neten op en voorkomt dat ze aan het haar blijven kleven.<\/p>\n<p>De zuurgraad van ORGANISCH citroenwater maakt het gemakkelijker om het vette masker te reinigen.<\/p>\n<p>Zachte oppervlakteactieve stoffen (wasmiddelen) reinigen het haar en de hoofdhuid op milde wijze zonder het te irriteren.<\/p>\n<p>99% van de ingredi\u00ebnten zijn van natuurlijke oorsprong<br \/>\n20% van de ingredi\u00ebnten zijn van biologische landbouw<br \/>\n100\/100 : Uitstekend op Yuka<br \/>\nDit product is veganistisch<br \/>\nCosmos biologisch gecertificeerd door Ecocert Greenlife volgens de COSMOS normen;<\/p>\n<h2>Resultaten<\/h2>\n<p>De luizen die door de behandeling verstikt zijn, pellen af en vallen uit dankzij de combinatie van de shampoo en de ronddraaiende bewegingen op mijn hoofdhuid.<br \/>\nMijn haar ruikt naar appels.<br \/>\nGetest en goedgekeurd door de testersclub van Toofruit.<\/p>\n<h2>Ingredi\u00ebnten<\/h2>\n<p>AQUA (WATER), CITRUS LIMON (LEMON) FRUIT WATER*, COCO-GLUCOSIDE, SODIUM COCOAMPHOACETATE, CAPRYLYL\/CAPRYL GLUCOSIDE, XANTHAN GUM, ACETUM**, CITRIC ACID, PARFUM (FRAGRANCE), POTASSIUM SORBATE, SODIUM BENZOATE<br \/>\n*Ingredi\u00ebnten van biologische landbouw<br \/>\n**Verwerkt met biologische ingredi\u00ebnten<\/p>\n<h2>Gebruiksadvies<\/h2>\n<p>Nadat ik Mijn Oliemasker heb gebruikt, breng ik een beetje shampoo aan op mijn haar.<\/p>\n<p>Ik masseer de lengtes en wortels van mijn haar, met speciale aandacht voor de nek en achter mijn oren. Daar zitten de luizen het liefst!<\/p>\n<p>Ik spoel uit met warm water. Gebruik een kam om alle overgebleven parasieten te verwijderen.<\/p>\n<p>Ik shampoo opnieuw als mijn haar nog vettig is.[\/vc_column_text][\/vc_column][\/vc_row]<\/p>\n<\/div>","protected":false},"excerpt":{"rendered":"<p>VERWIJDERT LUIZEN EN NETEN | GE\u00cfNSPIREERD DOOR NATUURLIJKE GROOTMOEDER REMEDIES | ZONDER ESSENTI\u00cbLE OLI\u00cbN<\/p>\n<p>Mijn Shampoo Chasse \u00d4 Poux is er om de jacht voort te zetten, met het volste vertrouwen!<\/p>\n<p>Gecertificeerd biologisch en speciaal ontwikkeld voor kinderen.<\/p>\n<p>Ge\u00efnspireerd door de natuurlijke middeltjes van onze grootmoeders, helpt het om luizen en neten mechanisch te verwijderen na gebruik van het masker. Het reinigt ook zachtjes de hoofdhuid. Een natuurlijke, biologische en gezonde oplossing om van hoofdluis af te komen. Deze shampoo, de tweede stap in de Chasse \u00d4 Poux routine, is gebaseerd op biologische appelazijn en biologisch citroenwater. Het verwijdert luizen en neten die verstikt zijn door het Oliemasker. Hij reinigt in alle zachtheid en verwijdert de vetlaag die door het oliemasker werd achtergelaten dankzij de zachte oppervlakteactieve stoffen.<\/p>\n<p>Het bevat geen essenti\u00eble oli\u00ebn, is niet giftig en veilig voor jonge kinderen en stelt hun hoofdhuid niet te veel bloot. Het kan gebruikt worden als vroegtijdige behandeling, voor het geval de school de aanwezigheid van hoofdluis in de klas ontdekt.<\/p>\n<p>Vanaf 3 jaar 150 ml<\/p>\n","protected":false},"featured_media":11521,"template":"","meta":{"_acf_changed":false},"marque":[61],"product_brand":[],"product_cat":[287,46],"product_tag":[64],"class_list":{"0":"post-12068","1":"product","2":"type-product","3":"status-publish","4":"has-post-thumbnail","6":"marque-toofruit-nl","7":"product_cat-enfant-2","8":"product_cat-cheveux-nl","9":"product_tag-toofruit","11":"first","12":"instock","13":"taxable","14":"shipping-taxable","15":"purchasable","16":"product-type-simple"},"acf":[],"_links":{"self":[{"href":"https:\/\/www.thalgo.be\/nl\/wp-json\/wp\/v2\/product\/12068","targetHints":{"allow":["GET"]}}],"collection":[{"href":"https:\/\/www.thalgo.be\/nl\/wp-json\/wp\/v2\/product"}],"about":[{"href":"https:\/\/www.thalgo.be\/nl\/wp-json\/wp\/v2\/types\/product"}],"wp:featuredmedia":[{"embeddable":true,"href":"https:\/\/www.thalgo.be\/nl\/wp-json\/wp\/v2\/media\/11521"}],"wp:attachment":[{"href":"https:\/\/www.thalgo.be\/nl\/wp-json\/wp\/v2\/media?parent=12068"}],"wp:term":[{"taxonomy":"marque","embeddable":true,"href":"https:\/\/www.thalgo.be\/nl\/wp-json\/wp\/v2\/marque?post=12068"},{"taxonomy":"product_brand","embeddable":true,"href":"https:\/\/www.thalgo.be\/nl\/wp-json\/wp\/v2\/product_brand?post=12068"},{"taxonomy":"product_cat","embeddable":true,"href":"https:\/\/www.thalgo.be\/nl\/wp-json\/wp\/v2\/product_cat?post=12068"},{"taxonomy":"product_tag","embeddable":true,"href":"https:\/\/www.thalgo.be\/nl\/wp-json\/wp\/v2\/product_tag?post=12068"}],"curies":[{"name":"wp","href":"https:\/\/api.w.org\/{rel}","templated":true}]}}