{"id":12067,"date":"2024-06-12T15:29:25","date_gmt":"2024-06-12T13:29:25","guid":{"rendered":"https:\/\/www.thalgo.be\/produit\/chasse-o-poux-mon-masque-huileux-2\/"},"modified":"2025-02-04T14:56:39","modified_gmt":"2025-02-04T13:56:39","slug":"chasse-o-poux-mijn-olie-masker-2","status":"publish","type":"product","link":"https:\/\/www.thalgo.be\/nl\/produit\/chasse-o-poux-mijn-olie-masker-2\/","title":{"rendered":"Chasse \u00d4 Poux \u2013 Mijn Olie Masker"},"content":{"rendered":"<div class=\"wpb-content-wrapper\"><p>[vc_row][vc_column][vc_column_text css=&#8221;&#8221;]De natuurlijke ingredi\u00ebnten in ons Chasse \u00d4 Poux Olie Masker<\/p>\n<p>Biologische kokosolie is een natuurlijk en effectief ingredi\u00ebnt om luizen te bedekken en te verstikken.<\/p>\n<p>Biologische neemzaadolie remt de ontwikkeling van neten.<\/p>\n<p>Biologische zonnebloemolie vergemakkelijkt het kammen.<\/p>\n<p>100% van de ingredi\u00ebnten zijn van natuurlijke oorsprong<br \/>\n90% van de ingredi\u00ebnten zijn van biologische landbouw<br \/>\n100\/100 : Uitstekend op Yuka<br \/>\nDit product is veganistisch<br \/>\nCosmos biologisch gecertificeerd door Ecocert Greenlife volgens de COSMOS normen.<\/p>\n<h2>Resultaten<\/h2>\n<p>Luizen en neten zitten vast in het vet en stikken. Gebruik een kam met fijne tanden om ze te verwijderen. Het haar is bedekt met een vettige film die verwijderd kan worden met Chasse \u00d4 Poux Shampoo + Spoelazijn.<br \/>\nGetest en goedgekeurd door de testersclub van Toofruit.<\/p>\n<h2>Gebruiksadvies<\/h2>\n<p>Met de hulp van een volwassene breng ik het masker aan op de wortels van mijn haar en verdeel het goed met mijn vingers om mijn haar te impregneren.<\/p>\n<p>Ik laat het 2 uur inwerken, het liefst de hele nacht, onder een badmuts of geknoopte badstof handdoek.<\/p>\n<p>Ik gebruik een fijn getande kam om de luizen en neten te verwijderen. De combinatie van plantaardige oli\u00ebn maakt het makkelijker om door te kammen. Ik spoel en was mijn haar met Chasse \u00d4 Poux Shampoo.[\/vc_column_text][\/vc_column][\/vc_row]<\/p>\n<\/div>","protected":false},"excerpt":{"rendered":"<p>VERSTIKT LUIZEN | GE\u00cfNSPIREERD DOOR NATUURLIJKE GROOTMOEDER REMEDIES | GEEN ESSENTI\u00cbLE OLI\u00cbN<\/p>\n<p>Luizen en neten hoeven zich alleen maar (op afstand) netjes te gedragen!<br \/>\nLuizen en neten die het wagen om op de hoofdhuid van je kleine blonde (kastanje, bruine, roodharige\u2026) hoofdjes te kruipen wezen verwittigt !<\/p>\n<p>Het gecertificeerde biologische Chasse \u00d4 Poux Olie Masker is speciaal ontwikkeld voor kinderen. Het is een natuurlijke, biologische en gezonde oplossing om van hoofdluis af te komen, de eerste stap in de TOOFRUIT Luizenjacht routine.<\/p>\n<p>Deze formule op basis van 100% plantaardige olie verstikt luizen volledig. Ge\u00efnspireerd op de natuurlijke middeltjes van onze grootmoeders, om luizen en neten systematisch te verstikken. Het werkt als een val, omhult de luizen en verlamt ze in de olie.<\/p>\n<p>Het bevat geen essenti\u00eble oli\u00ebn, is niet giftig en veilig voor jongere kinderen en stelt de hoofdhuid niet te veel bloot.<\/p>\n<p>Vanaf 3 jaar 125 ml<\/p>\n","protected":false},"featured_media":11518,"template":"","meta":{"_acf_changed":false},"marque":[61],"product_brand":[],"product_cat":[287,46],"product_tag":[64],"class_list":{"0":"post-12067","1":"product","2":"type-product","3":"status-publish","4":"has-post-thumbnail","6":"marque-toofruit-nl","7":"product_cat-enfant-2","8":"product_cat-cheveux-nl","9":"product_tag-toofruit","11":"first","12":"instock","13":"taxable","14":"shipping-taxable","15":"purchasable","16":"product-type-simple"},"acf":[],"_links":{"self":[{"href":"https:\/\/www.thalgo.be\/nl\/wp-json\/wp\/v2\/product\/12067","targetHints":{"allow":["GET"]}}],"collection":[{"href":"https:\/\/www.thalgo.be\/nl\/wp-json\/wp\/v2\/product"}],"about":[{"href":"https:\/\/www.thalgo.be\/nl\/wp-json\/wp\/v2\/types\/product"}],"wp:featuredmedia":[{"embeddable":true,"href":"https:\/\/www.thalgo.be\/nl\/wp-json\/wp\/v2\/media\/11518"}],"wp:attachment":[{"href":"https:\/\/www.thalgo.be\/nl\/wp-json\/wp\/v2\/media?parent=12067"}],"wp:term":[{"taxonomy":"marque","embeddable":true,"href":"https:\/\/www.thalgo.be\/nl\/wp-json\/wp\/v2\/marque?post=12067"},{"taxonomy":"product_brand","embeddable":true,"href":"https:\/\/www.thalgo.be\/nl\/wp-json\/wp\/v2\/product_brand?post=12067"},{"taxonomy":"product_cat","embeddable":true,"href":"https:\/\/www.thalgo.be\/nl\/wp-json\/wp\/v2\/product_cat?post=12067"},{"taxonomy":"product_tag","embeddable":true,"href":"https:\/\/www.thalgo.be\/nl\/wp-json\/wp\/v2\/product_tag?post=12067"}],"curies":[{"name":"wp","href":"https:\/\/api.w.org\/{rel}","templated":true}]}}