{"id":12064,"date":"2024-06-12T15:29:20","date_gmt":"2024-06-12T13:29:20","guid":{"rendered":"https:\/\/www.thalgo.be\/produit\/intimousse-2\/"},"modified":"2025-02-04T14:56:39","modified_gmt":"2025-02-04T13:56:39","slug":"intimousse-2","status":"publish","type":"product","link":"https:\/\/www.thalgo.be\/nl\/produit\/intimousse-2\/","title":{"rendered":"Intimousse"},"content":{"rendered":"<div class=\"wpb-content-wrapper\"><p>[vc_row][vc_column][vc_column_text css=&#8221;&#8221;]De natuurlijke ingredi\u00ebnten in ons Intimousse intiem hygi\u00ebneschuim<\/p>\n<p>Coco-glucoside en natrium cocoyl glutamaat, afkomstig van kokosnoot, zijn bijzonder geschikt voor de gevoelige huid, reinigen de huid in alle zachtheid en cre\u00ebren een licht, fluweelzacht schuim.<\/p>\n<p>ORGANISCH perzikwater, zoete amandelprote\u00efnen en plantaardige glycerine hydrateren de intieme zone.<\/p>\n<p>Biologische alo\u00eb vera is van nature antibacterieel en verzachtend en reinigt en beschermt de intieme zone op milde wijze.<\/p>\n<p>99,49% van de ingredi\u00ebnten zijn van natuurlijke oorsprong<br \/>\n20,98% van de ingredi\u00ebnten zijn afkomstig van biologische landbouw<br \/>\n100\/100 : Uitstekend op Yuka<br \/>\nDit product is veganistisch<br \/>\nCosmos biologisch gecertificeerd door Ecocert Greenlife volgens de COSMOS standaard<\/p>\n<h2>Resultaten<\/h2>\n<p>Mijn intieme zone is schoon, zacht en beschermd. Ik voel geen ongemak, irritatie of ongemakken meer. Gecombineerd met een bij voorkeur biologisch katoenen onderkleed, zorg ik goed voor mezelf en voel ik me comfortabel.<\/p>\n<p>Bewezen doeltreffendheid: 100%* van de testers zegt dat&#8230;<br \/>\nHet product fluweelzacht aanvoelt<br \/>\nHet product de huid niet irriteert<br \/>\nHet product een gevoel van comfort geeft<br \/>\nHet product reinigt de intieme zone in alle zachtheid<br \/>\nHet product verzacht de intieme zone<br \/>\nHet product respecteert de intieme zone<br \/>\nDe intieme zone is gekalmeerd, fris en beschermd<\/p>\n<p>*Tevredenheidspercentage bij gebruikerstest onder gynaecologische controle bij 12 proefpersonen met<br \/>\ngevoelige uitwendige genitale slijmvliezen, eenmaal per dag gebruikt gedurende 28 dagen.<\/p>\n<h2>Ingredi\u00ebnten<\/h2>\n<p>AQUA (WATER), GLYCERIN, COCO-GLUCOSIDE, PRUNUS PERSICA (PEACH) FRUIT WATER*, SODIUM COCOYL GLUTAMATE, ALPHA-GLUCAN OLIGOSACCHARIDE, GLUCONOLACTONE, SODIUM BENZOATE, GLYCERYL OLEATE, CITRIC ACID, PARFUM (FRAGRANCE), ARGININE, ALOE BARBADENSIS LEAF JUICE POWDER*, POTASSIUM SORBATE, HYDROLYZED SWEET ALMOND PROTEIN, LEUCONOSTOC\/RADISH ROOT FERMENT FILTRATE, TOCOPHEROL, HYDROGENATED VEGETABLE GLYCERIDES CITRATE<br \/>\n*Ingredi\u00ebnten van Biologische landbouw<\/p>\n<h2>Gebruiksadvies<\/h2>\n<p>Bij het wassen, in bad of onder de douche, breng ik 2 doses schuim aan in mijn hand. Ik reinig mijn intieme zone. Spoel af met water. Daarna was ik de rest van mijn lichaam met een TOOFRUIT dermatologische zeep of gel. Ik droog goed af zonder te wrijven om de huid niet te beschadigen.[\/vc_column_text][\/vc_column][\/vc_row]<\/p>\n<\/div>","protected":false},"excerpt":{"rendered":"<p>INTIEME HYGI\u00cbNE I ZONDER ZEEP OF ZWAVELHOUDENDE BESTANDDELEN I GEVOELIGE HUID<\/p>\n<p>Stap in de intimiteit van een unieke biologische verzorging van de kinderhuid, speciaal geformuleerd om de meest gevoelige lichaamsdelen op milde wijze te reinigen.<\/p>\n<p>Verrijkt met prebiotica, Bio\u00e9colia (alfa-glucaan oligosaccharide in de ingredi\u00ebntenlijst), worden ongewenste elementen ge\u00eblimineerd, zonder de gebruikelijke microbi\u00eble flora aan te tasten, die perfect behouden blijft.<\/p>\n<p>Deze huidverzorging bevat geen zwavelhoudende bestanddelen (wasmiddelen), geen parabenen en geen zeep, en respecteert de pH-waarde van de huid om deze niet te beschadigen.<\/p>\n<p>Een extraatje voor ouders en kinderen: bij de fles zit een klein educatief boekje zodat je zelf goede intieme hygi\u00ebnische gewoonten kunt aanleren.<\/p>\n<p>De gebruikte vruchten in dit product: alo\u00eb vera en perzikwater. Beide verzachten en voorkomen irritatie. Met zijn fluweelzachte textuur verzorgt Intimousse op natuurlijke wijze de meest gevoelige zones van het lichaam.<\/p>\n<p>Winnaar van een Cosm\u00e9bio Innovation Award 2019, en ja, we innoveren voor je kleintjes!<\/p>\n<p>Alle huidtypes, zelfs de gevoelige huid | Vanaf 3 jaar | 100 ml<\/p>\n","protected":false},"featured_media":11509,"template":"","meta":{"_acf_changed":false},"marque":[61],"product_brand":[],"product_cat":[287],"product_tag":[64],"class_list":{"0":"post-12064","1":"product","2":"type-product","3":"status-publish","4":"has-post-thumbnail","6":"marque-toofruit-nl","7":"product_cat-enfant-2","8":"product_tag-toofruit","10":"first","11":"instock","12":"taxable","13":"shipping-taxable","14":"purchasable","15":"product-type-simple"},"acf":[],"_links":{"self":[{"href":"https:\/\/www.thalgo.be\/nl\/wp-json\/wp\/v2\/product\/12064","targetHints":{"allow":["GET"]}}],"collection":[{"href":"https:\/\/www.thalgo.be\/nl\/wp-json\/wp\/v2\/product"}],"about":[{"href":"https:\/\/www.thalgo.be\/nl\/wp-json\/wp\/v2\/types\/product"}],"wp:featuredmedia":[{"embeddable":true,"href":"https:\/\/www.thalgo.be\/nl\/wp-json\/wp\/v2\/media\/11509"}],"wp:attachment":[{"href":"https:\/\/www.thalgo.be\/nl\/wp-json\/wp\/v2\/media?parent=12064"}],"wp:term":[{"taxonomy":"marque","embeddable":true,"href":"https:\/\/www.thalgo.be\/nl\/wp-json\/wp\/v2\/marque?post=12064"},{"taxonomy":"product_brand","embeddable":true,"href":"https:\/\/www.thalgo.be\/nl\/wp-json\/wp\/v2\/product_brand?post=12064"},{"taxonomy":"product_cat","embeddable":true,"href":"https:\/\/www.thalgo.be\/nl\/wp-json\/wp\/v2\/product_cat?post=12064"},{"taxonomy":"product_tag","embeddable":true,"href":"https:\/\/www.thalgo.be\/nl\/wp-json\/wp\/v2\/product_tag?post=12064"}],"curies":[{"name":"wp","href":"https:\/\/api.w.org\/{rel}","templated":true}]}}