{"id":12057,"date":"2024-06-12T15:29:07","date_gmt":"2024-06-12T13:29:07","guid":{"rendered":"https:\/\/www.thalgo.be\/produit\/sensibulle-pain-dermatologique-fraise-framboise-2\/"},"modified":"2025-02-04T14:56:36","modified_gmt":"2025-02-04T13:56:36","slug":"sensibulle-pain-dermatologique-fraise-framboise-2","status":"publish","type":"product","link":"https:\/\/www.thalgo.be\/nl\/produit\/sensibulle-pain-dermatologique-fraise-framboise-2\/","title":{"rendered":"Sensibulle Pain Dermatologique fraise-framboise"},"content":{"rendered":"<p>De natuurlijke ingredi\u00ebnten in onze Sensibulle dermatologische zeep aardbei-framboos<\/p>\n<p>De zeer zachte oppervlakteactieve stoffen (wasmiddelen), waarvan sommige afkomstig zijn van biologische kokosnoot, reinigen de kinderhuid op milde wijze.<\/p>\n<p>Het bevat een combinatie van twee oli\u00ebn en boters: ricinusolie, ORGANISCHE karit\u00e9boter en ORGANISCHE zoete amandelolie, rijk aan essenti\u00eble vetzuren: omega&#8217;s 3, 6 en 9.<\/p>\n<p>Biologisch frambozenextract, rijk aan Omega 3, heeft voedende, herstellende en verzachtende eigenschappen en versterkt de huidbarri\u00e8re. <\/p>\n<p>100% van de ingredi\u00ebnten zijn van natuurlijke oorsprong<br \/>\n21,5% van de ingredi\u00ebnten zijn afkomstig uit de biologische landbouw<br \/>\n93\/100 : Uitstekend op Yuka<br \/>\nDit product is veganistisch<br \/>\nEcologische en biologische cosmetica gecertificeerd door Ecocert Greenlife volgens de Ecocert-norm<\/p>\n<h2>Resultaten<\/h2>\n<p>Na een bad of douche kan de huid gaan jeuken of trekkerig aanvoelen. Sensibulle Pain Dermatologique reinigt de gevoelige huid van kinderen zonder deze uit te drogen. Het respecteert zelfs de meest gevoelige huid. Je kunt je dus meteen schoon en comfortabel voelen!<\/p>\n<h2>Gebruiksadvies<\/h2>\n<p>Ik maak de zeep nat en laat hem goed schuimen in mijn hand. Ik verdeel het lichte schuim over mijn gezicht en lichaam, zelfs tot in de kleinste hoekjes. Daarna spoel ik me grondig af met schoon water.<\/p>\n","protected":false},"excerpt":{"rendered":"<p>ZEEPVRIJ NUL PLASTIC<\/p>\n<p>Sensibulle Aardbei Framboos Dermatologische Bar voor kinderen, zoals zeepvrije zeep om kinderen goede hygi\u00ebnische gewoonten aan te leren! Het bevat ricinusolie, sheaboter, zoete amandelolie en kokosolie. Dat zijn maar liefst 4 oli\u00ebn en boters om jezelf te verzorgen, zonder aan je huid te trekken.<\/p>\n<p>De compacte en makkelijk mee te nemen Sensibulle Dermatologische Reep Aardbei-Framboos maakt de huid perfect schoon en soepel. Sensibulle is het eerste vaste product in het Toofruit-assortiment dat verpakt is in een kartonnen doosje, dus geen plastic afval. Goed voor je huid &#038; goed voor de planeet.<\/p>\n<p>De TOOFRUIT die voor dit product is gebruikt: de sappige smaak van aardbei gedraaid met de meer pittige framboos. Hier is verwennerij allesbehalve slecht!<\/p>\n<p>Gevoelige huid | Vanaf 3 jaar | 85 g<\/p>\n","protected":false},"featured_media":11489,"template":"","meta":{"_acf_changed":false},"marque":[],"product_brand":[],"product_cat":[],"product_tag":[],"class_list":{"0":"post-12057","1":"product","2":"type-product","3":"status-publish","4":"has-post-thumbnail","7":"first","8":"instock","9":"taxable","10":"shipping-taxable","11":"purchasable","12":"product-type-simple"},"acf":[],"_links":{"self":[{"href":"https:\/\/www.thalgo.be\/nl\/wp-json\/wp\/v2\/product\/12057","targetHints":{"allow":["GET"]}}],"collection":[{"href":"https:\/\/www.thalgo.be\/nl\/wp-json\/wp\/v2\/product"}],"about":[{"href":"https:\/\/www.thalgo.be\/nl\/wp-json\/wp\/v2\/types\/product"}],"wp:featuredmedia":[{"embeddable":true,"href":"https:\/\/www.thalgo.be\/nl\/wp-json\/wp\/v2\/media\/11489"}],"wp:attachment":[{"href":"https:\/\/www.thalgo.be\/nl\/wp-json\/wp\/v2\/media?parent=12057"}],"wp:term":[{"taxonomy":"marque","embeddable":true,"href":"https:\/\/www.thalgo.be\/nl\/wp-json\/wp\/v2\/marque?post=12057"},{"taxonomy":"product_brand","embeddable":true,"href":"https:\/\/www.thalgo.be\/nl\/wp-json\/wp\/v2\/product_brand?post=12057"},{"taxonomy":"product_cat","embeddable":true,"href":"https:\/\/www.thalgo.be\/nl\/wp-json\/wp\/v2\/product_cat?post=12057"},{"taxonomy":"product_tag","embeddable":true,"href":"https:\/\/www.thalgo.be\/nl\/wp-json\/wp\/v2\/product_tag?post=12057"}],"curies":[{"name":"wp","href":"https:\/\/api.w.org\/{rel}","templated":true}]}}