{"id":12045,"date":"2024-06-12T15:28:46","date_gmt":"2024-06-12T13:28:46","guid":{"rendered":"https:\/\/www.thalgo.be\/produit\/creme-tendre-2\/"},"modified":"2025-02-04T14:56:30","modified_gmt":"2025-02-04T13:56:30","slug":"creme-tendre-2","status":"publish","type":"product","link":"https:\/\/www.thalgo.be\/nl\/produit\/creme-tendre-2\/","title":{"rendered":"Cr\u00e8me Tendre"},"content":{"rendered":"<p>De natuurlijke ingredi\u00ebnten in onze Cr\u00e8me Tendre vochtinbrengende gezichtscr\u00e8me<\/p>\n<p>Als Cr\u00e8me Tendre aanvoelt als een zoete, fluweelzachte streling op de huid, komt dat omdat het een lichte, vloeibare textuur combineert met de zachte geur van appel en braam. Onze hydraterende gezichtscr\u00e8me profiteert van de antioxiderende eigenschappen van ORGANISCH appelwater, ORGANISCH appelextract en ORGANISCH braamextract, die allemaal deel uitmaken van de samenstelling, voor maximale bescherming van zelfs de meest gevoelige huid.<\/p>\n<p>Onze hydraterende gezichtscr\u00e8me dankt zijn hydraterende, voedende en beschermende eigenschappen aan plantaardige glycerine, ORGANISCHE jojoba-olie en ons Filmo-Protect supercomplex, ge\u00efnspireerd op de natuurlijke samenstelling van talg.<\/p>\n<p>99,8% van de ingredi\u00ebnten is van natuurlijke oorsprong<br \/>\n68,21% van de ingredi\u00ebnten zijn afkomstig uit de biologische landbouw<br \/>\n100\/100 : Uitstekend op Yuka<br \/>\nDit product is veganistisch<br \/>\nEcologische en biologische cosmetica gecertificeerd door Ecocert Greenlife volgens de Ecocert-norm<\/p>\n<h2>Resultaten<\/h2>\n<p>Onze Cr\u00e8me Tendre vochtinbrengende gezichtscr\u00e8me doet op zichzelf al wonderen voor de kinderhuid. Cr\u00e8me Tendre gaat niet alleen de droge huid tegen door de kinderhuid te hydrateren en te voeden, maar maakt haar ook zacht en soepel en kalmeert haar bij roodheid en irritatie. <\/p>\n<p>In combinatie met onze andere natuurlijke en heerlijke verzorgingsproducten zorgt Cr\u00e8me Tendre de hele dag door voor het comfort en het welzijn van het kind.<\/p>\n<p>Bewezen doeltreffendheid: 100% van de testers* zegt dat&#8230;<br \/>\nHet product kalmeert roodheid en irritatie van de huid<br \/>\nHet product hydrateert de huid<br \/>\nHet product maakt de huid zacht<br \/>\nHet product beschermt de huid tegen uitdroging<br \/>\nDe huid wordt gevoed<br \/>\nDe beschermende barri\u00e8re van de huid wordt versterkt<br \/>\nNa 3 weken gebruik is de huid beter bestand tegen agressieve invloeden van buitenaf <\/p>\n<p>De onderzoeksarts bevestigde de verbetering van de initi\u00eble staat van uitdroging van de huid na 3 weken gebruik.<\/p>\n<h2>Gebruiksadvies<\/h2>\n<p>E\u00e9n pompje Cr\u00e8me Tendre per dag is voldoende om je gezicht te hydrateren en effectief te beschermen tegen de effecten van kou, hitte en vervuiling.<\/p>\n<p>Was je gezicht eerst met schoon water en droog het daarna voorzichtig af met een schone handdoek. Druk \u00e9\u00e9n keer op het pompje van je moisturizer en verdeel het product over je gezicht. De eerste keer dat je het gebruikt, pomp je een paar keer om de flacon te activeren. Afspoelen is niet nodig: de dag kan beginnen!<\/p>\n","protected":false},"excerpt":{"rendered":"<p>HYDRATEERT | BESCHERMT<\/p>\n<p>&#8220;Zacht&#8221;, &#8220;kwetsbaar&#8221; en &#8220;gevoelig&#8221; zijn drie bijvoeglijke naamwoorden die de huid van kinderen beschrijven! Gelukkig is de gecertificeerde biologische Cr\u00e8me Tendre van TOOFRUIT speciaal samengesteld om hun gezichtshuid elke dag te verzorgen. Wat is er beter dan een hydraterende gezichtscr\u00e8me met de heerlijke geur van appel en bramen om kinderen te helpen genieten van hun schoonheidsroutine in de badkamer?<\/p>\n<p>De vloeibare textuur smeert gemakkelijk uit en trekt snel in, waardoor de huid direct zacht en aangenaam aanvoelt.<\/p>\n<p>Voor de normale, droge en gevoelige huid | Vanaf 5 jaar | 30 ml<\/p>\n","protected":false},"featured_media":11456,"template":"","meta":{"_acf_changed":false},"marque":[61],"product_brand":[],"product_cat":[287],"product_tag":[64],"class_list":{"0":"post-12045","1":"product","2":"type-product","3":"status-publish","4":"has-post-thumbnail","6":"marque-toofruit-nl","7":"product_cat-enfant-2","8":"product_tag-toofruit","10":"first","11":"instock","12":"taxable","13":"shipping-taxable","14":"purchasable","15":"product-type-simple"},"acf":[],"_links":{"self":[{"href":"https:\/\/www.thalgo.be\/nl\/wp-json\/wp\/v2\/product\/12045","targetHints":{"allow":["GET"]}}],"collection":[{"href":"https:\/\/www.thalgo.be\/nl\/wp-json\/wp\/v2\/product"}],"about":[{"href":"https:\/\/www.thalgo.be\/nl\/wp-json\/wp\/v2\/types\/product"}],"wp:featuredmedia":[{"embeddable":true,"href":"https:\/\/www.thalgo.be\/nl\/wp-json\/wp\/v2\/media\/11456"}],"wp:attachment":[{"href":"https:\/\/www.thalgo.be\/nl\/wp-json\/wp\/v2\/media?parent=12045"}],"wp:term":[{"taxonomy":"marque","embeddable":true,"href":"https:\/\/www.thalgo.be\/nl\/wp-json\/wp\/v2\/marque?post=12045"},{"taxonomy":"product_brand","embeddable":true,"href":"https:\/\/www.thalgo.be\/nl\/wp-json\/wp\/v2\/product_brand?post=12045"},{"taxonomy":"product_cat","embeddable":true,"href":"https:\/\/www.thalgo.be\/nl\/wp-json\/wp\/v2\/product_cat?post=12045"},{"taxonomy":"product_tag","embeddable":true,"href":"https:\/\/www.thalgo.be\/nl\/wp-json\/wp\/v2\/product_tag?post=12045"}],"curies":[{"name":"wp","href":"https:\/\/api.w.org\/{rel}","templated":true}]}}