{"id":12044,"date":"2024-06-12T15:28:44","date_gmt":"2024-06-12T13:28:44","guid":{"rendered":"https:\/\/www.thalgo.be\/produit\/creme-gourmande-2\/"},"modified":"2025-02-04T14:56:29","modified_gmt":"2025-02-04T13:56:29","slug":"creme-gourmande-2","status":"publish","type":"product","link":"https:\/\/www.thalgo.be\/nl\/produit\/creme-gourmande-2\/","title":{"rendered":"Cr\u00e8me Gourmande"},"content":{"rendered":"<div class=\"wpb-content-wrapper\"><p>[vc_row][vc_column][vc_column_text css=&#8221;&#8221;]De natuurlijke ingredi\u00ebnten in onze vochtinbrengende Cr\u00e8me Gourmande gezichtscr\u00e8me<\/p>\n<p>Biologisch bananenwater, rijk aan vitamine A, hydrateert en herstelt de droge, beschadigde huid.<\/p>\n<p>Biologisch vijgenwater, een natuurlijke antioxidant, verbetert de elasticiteit van de huid.<\/p>\n<p>Filmo-Protect Complex biedt de huid in een extra beschermend laagje.<\/p>\n<p>99,8% van de ingredi\u00ebnten is van natuurlijke oorsprong<br \/>\n73,0% van de ingredi\u00ebnten zijn afkomstig uit de biologische landbouw<br \/>\n100\/100 : Uitstekend op Yuka<br \/>\nCosmos biologisch gecertificeerd door Ecocert Greenlife volgens de COSMOS standaard<\/p>\n<h2>Resultaten<\/h2>\n<p>De barri\u00e8refunctie van de huid wordt versterkt. Ze is goed gevoed en voelt zacht aan zonder vettig te zijn.<\/p>\n<p>Bewezen doeltreffendheid: 100% van de testers* zegt dat&#8230;<br \/>\nDe huid is gevoed, gehydrateerd en beschermd tegen uitdroging.<br \/>\nHet product verzacht het gebruikelijke trekkerige gevoel van een gevoelige huid.<br \/>\nDe huid voelt zacht en comfortabel aan<br \/>\nNa het eerste gebruik<\/p>\n<p>De huid is gevoed<br \/>\nDe huid is gehydrateerd<br \/>\nDe huid is beschermd tegen uitdroging<br \/>\nNa 3 weken gebruik<\/p>\n<p>Tevredenheidspercentage Gebruikerstest onder dermatologische controle bij 20 vrijwilligers met een droge, gevoelige huid<br \/>\ngedurende 3 weken<\/p>\n<h2>Gebruiksadvies<\/h2>\n<p>De eerste keer dat je het flesje gebruikt, moet je een paar keer pompen!<\/p>\n<p>Nadat ik mijn gezicht heb gewassen met bijvoorbeeld Brume Fra\u00eeche of Douce Mousse, droog ik het af en druk ik \u00e9\u00e9n keer op het pompje van Cr\u00e8me Gourmande.<\/p>\n<p>Ik verdeel het over mijn gezicht en masseer het in, genietend van de ultra-gourmande geur.[\/vc_column_text][\/vc_column][\/vc_row]<\/p>\n<\/div>","protected":false},"excerpt":{"rendered":"<p>VOEDT | BESCHERMT | HERSTELT<\/p>\n<p>De vochtinbrengende gezichtscr\u00e8me, Cr\u00e8me Gourmande voor kinderen is de perfecte verwennerij, zelfs voor de gevoelige huid!<\/p>\n<p>De gecertificeerde biologische Cr\u00e8me Gourmande gelaat TOOFRUIT is een verzorgingsproduct speciaal ontwikkeld voor kinderen. De rijke, romige textuur voedt en herstelt de gezichtshuid en beschermt tegen schadelijke invloeden van buitenaf.<\/p>\n<p>BIO Cr\u00e8me Gourmande gelaat voor kinderen kan dagelijks gebruikt worden voor de droge tot zeer droge huid, zelfs de meest gevoelige. Het kan ook naar behoefte worden gebruikt om irritatie bij de normale huid te behandelen.<\/p>\n<p>De in dit product gebruikte vruchten: bananenwater rijk aan vitamine A en vers vijgenwater rijk aan antioxidanten.<\/p>\n<p>Droge tot zeer droge huid, zelfs de gevoelige huid | Vanaf 3 jaar | 30 ml<\/p>\n","protected":false},"featured_media":11453,"template":"","meta":{"_acf_changed":false},"marque":[61],"product_brand":[],"product_cat":[287],"product_tag":[64],"class_list":{"0":"post-12044","1":"product","2":"type-product","3":"status-publish","4":"has-post-thumbnail","6":"marque-toofruit-nl","7":"product_cat-enfant-2","8":"product_tag-toofruit","10":"first","11":"instock","12":"taxable","13":"shipping-taxable","14":"purchasable","15":"product-type-simple"},"acf":[],"_links":{"self":[{"href":"https:\/\/www.thalgo.be\/nl\/wp-json\/wp\/v2\/product\/12044","targetHints":{"allow":["GET"]}}],"collection":[{"href":"https:\/\/www.thalgo.be\/nl\/wp-json\/wp\/v2\/product"}],"about":[{"href":"https:\/\/www.thalgo.be\/nl\/wp-json\/wp\/v2\/types\/product"}],"wp:featuredmedia":[{"embeddable":true,"href":"https:\/\/www.thalgo.be\/nl\/wp-json\/wp\/v2\/media\/11453"}],"wp:attachment":[{"href":"https:\/\/www.thalgo.be\/nl\/wp-json\/wp\/v2\/media?parent=12044"}],"wp:term":[{"taxonomy":"marque","embeddable":true,"href":"https:\/\/www.thalgo.be\/nl\/wp-json\/wp\/v2\/marque?post=12044"},{"taxonomy":"product_brand","embeddable":true,"href":"https:\/\/www.thalgo.be\/nl\/wp-json\/wp\/v2\/product_brand?post=12044"},{"taxonomy":"product_cat","embeddable":true,"href":"https:\/\/www.thalgo.be\/nl\/wp-json\/wp\/v2\/product_cat?post=12044"},{"taxonomy":"product_tag","embeddable":true,"href":"https:\/\/www.thalgo.be\/nl\/wp-json\/wp\/v2\/product_tag?post=12044"}],"curies":[{"name":"wp","href":"https:\/\/api.w.org\/{rel}","templated":true}]}}