{"id":11646,"date":"2024-06-12T15:16:46","date_gmt":"2024-06-12T13:16:46","guid":{"rendered":"https:\/\/www.thalgo.be\/produit\/micro-opvullende-creme-50-ml\/"},"modified":"2025-02-04T14:53:42","modified_gmt":"2025-02-04T13:53:42","slug":"micro-opvullende-creme-50-ml","status":"publish","type":"product","link":"https:\/\/www.thalgo.be\/nl\/produit\/micro-opvullende-creme-50-ml\/","title":{"rendered":"Micro-opvullende cr\u00e8me &#8211; 50 ml"},"content":{"rendered":"<div class=\"wpb-content-wrapper\"><p>[vc_row][vc_column][vc_column_text css=&#8221;&#8221;]ACTIEVE INGREDI\u00cbNTEN: 96% ingredi\u00ebnten van natuurlijke oorsprong<br \/>\nBASISFORMULE: Pro-collageen van Maca + micronutri\u00ebnten van Spirulina<br \/>\nINTENSIEF ACTIEF: Hyaluronzuur van hoog moleculair gewicht voor een anti-rimpel effect op de opperhuid.<br \/>\nGEBRUIKSAANWIJZING : &#8216;s Ochtends en\/of &#8216;s avonds aanbrengen op een gereinigd gezicht, hals en decollet\u00e9.<br \/>\nRESULTATEN: Rimpels en fijne lijntjes opgevuld. Stevigere, \u201copnieuw geweven\u201d huid. Klinisch bewezen doeltreffendheid*: 86%: de huid ziet er gladder uit vanaf het eerste gebruik. 86%: de huid ziet er steviger uit, alsof ze \u201copnieuw geweven\u201d is. 82%: rimpels en fijne lijntjes lijken opgevuld, minder diep. *Gebruikstest onder dermatologische controle bij 22 vrijwilligers die de Micro-opvullende cr\u00e8me 28 dagen lang tweemaal per dag aanbrachten. Zelfevaluatie van het product (% vrijwilligers die het eens of enigszins eens waren met de bewering).<\/p>\n<h2>Ingredi\u00ebnten<\/h2>\n<p>Aqua (Water) Propanediol Glycerin Ethylhexyl Pelargonate Limnanthes Alba (Meadowfoam) Seed Oil Jojoba Esters Cetearyl Alcohol Helianthus Annuus Seed Cera (Helianthus Annuus (Sunflower) Seed Wax) 1,2-Hexanediol Glyceryl Caprylate Oryza Sativa Bran Cera (Oryza Sativa (Rice) Bran Wax) Triticum Vulgare (Wheat) Germ Oil Spirulina Maxima ExtractLepidium Meyenii Root Extract Glyceryl Stearate Sodium Stearoyl Glutamate Parfum (Fragrance) Pentylene Glycol Chlorella Vulgaris\/Lupinus Albus Protein Ferment Ammonium Acryloyldimethyltaurate\/VP Copolymer Polyglycerin-3 Sodium Gluconate Glycine Soja (Soybean) Oil Maltodextrin Sodium Hyaluronate Tocopherol Acacia Decurrens Flower Cera (Acacia Decurrens Flower Wax) Adenosine Beta-Glucan Biosaccharide Gum-4Algin Benzoic Acid Sorbic Acid t-Butyl Alcohol Xanthan Gum Sodium Benzoate Potassium Sorbate[\/vc_column_text][\/vc_column][\/vc_row]<\/p>\n<\/div>","protected":false},"excerpt":{"rendered":"<p>De cr\u00e8me met micro-opvullend effect voor de normale huid. Een smeltende cr\u00e8me die rimpels opvult en de huid zichtbaar verstevigt, dankzij actieve ingredi\u00ebnten afkomstig van Superfood : Pro-Collageen van Maca en Micro-nutri\u00ebnten van Spirulina.<br \/>\n&#8211; Rimpels en fijne lijntjes, verlies van stevigheid<br \/>\n&#8211; Smeltende, creme-textuur<br \/>\n&#8211; Frisse, natuurlijke geur met aquatische bloemennoten<\/p>\n","protected":false},"featured_media":10317,"template":"","meta":{"_acf_changed":false},"marque":[56],"product_brand":[],"product_cat":[43],"product_tag":[158],"class_list":{"0":"post-11646","1":"product","2":"type-product","3":"status-publish","4":"has-post-thumbnail","6":"marque-ella-bache-nl","7":"product_cat-visage-nl","8":"product_tag-ella-bache-2","10":"first","11":"instock","12":"taxable","13":"shipping-taxable","14":"purchasable","15":"product-type-simple"},"acf":[],"_links":{"self":[{"href":"https:\/\/www.thalgo.be\/nl\/wp-json\/wp\/v2\/product\/11646","targetHints":{"allow":["GET"]}}],"collection":[{"href":"https:\/\/www.thalgo.be\/nl\/wp-json\/wp\/v2\/product"}],"about":[{"href":"https:\/\/www.thalgo.be\/nl\/wp-json\/wp\/v2\/types\/product"}],"wp:featuredmedia":[{"embeddable":true,"href":"https:\/\/www.thalgo.be\/nl\/wp-json\/wp\/v2\/media\/10317"}],"wp:attachment":[{"href":"https:\/\/www.thalgo.be\/nl\/wp-json\/wp\/v2\/media?parent=11646"}],"wp:term":[{"taxonomy":"marque","embeddable":true,"href":"https:\/\/www.thalgo.be\/nl\/wp-json\/wp\/v2\/marque?post=11646"},{"taxonomy":"product_brand","embeddable":true,"href":"https:\/\/www.thalgo.be\/nl\/wp-json\/wp\/v2\/product_brand?post=11646"},{"taxonomy":"product_cat","embeddable":true,"href":"https:\/\/www.thalgo.be\/nl\/wp-json\/wp\/v2\/product_cat?post=11646"},{"taxonomy":"product_tag","embeddable":true,"href":"https:\/\/www.thalgo.be\/nl\/wp-json\/wp\/v2\/product_tag?post=11646"}],"curies":[{"name":"wp","href":"https:\/\/api.w.org\/{rel}","templated":true}]}}