{"id":11644,"date":"2024-06-12T15:16:43","date_gmt":"2024-06-12T13:16:43","guid":{"rendered":"https:\/\/www.thalgo.be\/produit\/micro-opvullende-rijke-creme-50-ml\/"},"modified":"2025-02-04T14:53:41","modified_gmt":"2025-02-04T13:53:41","slug":"micro-opvullende-rijke-creme-50-ml","status":"publish","type":"product","link":"https:\/\/www.thalgo.be\/nl\/produit\/micro-opvullende-rijke-creme-50-ml\/","title":{"rendered":"Micro-opvullende Rijke Cr\u00e8me &#8211; 50 ml"},"content":{"rendered":"<div class=\"wpb-content-wrapper\"><p>[vc_row][vc_column][vc_column_text css=&#8221;&#8221;]ACTIEVE INGREDI\u00cbNTEN: 97% ingredi\u00ebnten van natuurlijke oorsprong<br \/>\nBASISFORMULE: Pro-collageen van Maca + micronutri\u00ebnten van Spirulina<br \/>\nINTENSIEF ACTIEF: Hyaluronzuur van hoog moleculair gewicht voor een anti-rimpel effect op de opperhuid.<br \/>\nRICHTLIJNEN: &#8216;s Ochtends en\/of &#8216;s avonds aanbrengen op een gereinigd gezicht, hals en decollet\u00e9.<br \/>\nRESULTATEN: Rimpels en fijne lijntjes worden opgevuld. Stevigere, \u201copnieuw geweven\u201d huid. De huid is onmiddellijk voller.<br \/>\nKlinisch bewezen doeltreffendheid*: 82%: De huid ziet er gladder uit vanaf het eerste gebruik. 86%: De huid voelt steviger aan, alsof ze \u201copnieuw geweven\u201d is. 82%: Rimpels en fijne lijntjes lijken opgevuld, minder diep.<br \/>\n*Gebruikstest onder dermatologische controle bij 22 vrijwilligers die gedurende 28 dagen de Micro-opvullende Rijke Cr\u00e8me tweemaal per dag aanbrachten. Zelfevaluatie van het product (% vrijwilligers die het eens of enigszins eens waren met de bewering).<\/p>\n<h2>Ingredi\u00ebnten<\/h2>\n<p>Aqua (Water)Coco-Caprylate\/CapratePropanediolGlycerinOlus Oil (Vegetable Oil)Passiflora Edulis Seed OilLimnanthes Alba (Meadowfoam) Seed OilOryza Sativa Bran Cera (Oryza Sativa (Rice) Bran Wax)Glyceryl StearateCocoglyceridesLauroyl LysineSucrose PolystearateButyrospermum Parkii (Shea) ButterCetearyl AlcoholSodium Stearoyl GlutamateXimenia Americana Seed OilAmmonium Acryloyldimethyltaurate\/VP CopolymerSpirulina Maxima ExtractLepidium Meyenii Root ExtractHydroxyacetophenoneHydrogenated Vegetable OilParfum (Fragrance)Pentylene Glycol1,2-HexanediolChlorella Vulgaris\/Lupinus Albus Protein FermentCandelilla Cera (Euphorbia Cerifera (Candelilla) Wax)Sodium HyaluronateBiosaccharide Gum-4Caprylyl GlycolSodium GluconateCetyl PalmitateGlycine Soja (Soybean) OilMaltodextrinTocopherolXanthan GumAdenosinet-Butyl AlcoholSodium BenzoatePotassium Sorbate[\/vc_column_text][\/vc_column][\/vc_row]<\/p>\n<\/div>","protected":false},"excerpt":{"rendered":"<p>De cr\u00e8me met micro-opvullend effect voor de droge huid. Een rijke, comfortabele cr\u00e8me die rimpels opvult en de huid zichtbaar verstevigt, dankzij actieve ingredi\u00ebnten afkomstig van Superfood : Pro-Collageen van Maca en Micro-nutri\u00ebnten van Spirulina.<br \/>\n&#8211; Rimpels en fijne lijntjes, verlies van stevigheid<br \/>\n&#8211; Rijke, comfortabele textuur voor de droge huid<br \/>\n&#8211; Frisse, natuurlijke geur met aquatische bloemennoten<\/p>\n","protected":false},"featured_media":10311,"template":"","meta":{"_acf_changed":false},"marque":[56],"product_brand":[],"product_cat":[43],"product_tag":[158],"class_list":{"0":"post-11644","1":"product","2":"type-product","3":"status-publish","4":"has-post-thumbnail","6":"marque-ella-bache-nl","7":"product_cat-visage-nl","8":"product_tag-ella-bache-2","10":"first","11":"instock","12":"taxable","13":"shipping-taxable","14":"purchasable","15":"product-type-simple"},"acf":[],"_links":{"self":[{"href":"https:\/\/www.thalgo.be\/nl\/wp-json\/wp\/v2\/product\/11644","targetHints":{"allow":["GET"]}}],"collection":[{"href":"https:\/\/www.thalgo.be\/nl\/wp-json\/wp\/v2\/product"}],"about":[{"href":"https:\/\/www.thalgo.be\/nl\/wp-json\/wp\/v2\/types\/product"}],"wp:featuredmedia":[{"embeddable":true,"href":"https:\/\/www.thalgo.be\/nl\/wp-json\/wp\/v2\/media\/10311"}],"wp:attachment":[{"href":"https:\/\/www.thalgo.be\/nl\/wp-json\/wp\/v2\/media?parent=11644"}],"wp:term":[{"taxonomy":"marque","embeddable":true,"href":"https:\/\/www.thalgo.be\/nl\/wp-json\/wp\/v2\/marque?post=11644"},{"taxonomy":"product_brand","embeddable":true,"href":"https:\/\/www.thalgo.be\/nl\/wp-json\/wp\/v2\/product_brand?post=11644"},{"taxonomy":"product_cat","embeddable":true,"href":"https:\/\/www.thalgo.be\/nl\/wp-json\/wp\/v2\/product_cat?post=11644"},{"taxonomy":"product_tag","embeddable":true,"href":"https:\/\/www.thalgo.be\/nl\/wp-json\/wp\/v2\/product_tag?post=11644"}],"curies":[{"name":"wp","href":"https:\/\/api.w.org\/{rel}","templated":true}]}}