{"id":11629,"date":"2024-06-12T15:16:16","date_gmt":"2024-06-12T13:16:16","guid":{"rendered":"https:\/\/www.thalgo.be\/produit\/la-cc-creme-40-ml-2\/"},"modified":"2025-02-04T14:53:37","modified_gmt":"2025-02-04T13:53:37","slug":"la-cc-creme-40-ml-2","status":"publish","type":"product","link":"https:\/\/www.thalgo.be\/nl\/produit\/la-cc-creme-40-ml-2\/","title":{"rendered":"La CC Cr\u00e8me &#8211; 40 ml"},"content":{"rendered":"<p>ACTIEVE INGREDI\u00cbNTEN: 98,6% ingredi\u00ebnten van natuurlijke oorsprong<br \/>\nBASISFORMULE: Micro-ingekapselde minerale pigmenten die de teint egaliseren en de teint sublimeren. Hyaluronzuur met een laag moleculair gewicht en hydraterend zeekraal-extract.<br \/>\nOmega 3-6 van organische Camelina-olie + Omega 9 en vitaminen van Bio Abrikozen- en Avocado-olie + Bio Cacaoboter en voedende Omega 6-9 van Bio Sesamolie, antioxidant Vitamine E.<br \/>\nGEBRUIKSAANWIJZINGEN: Aanbrengen op de gereinigde huid of na je dagelijkse huidverzorgingsroutine, op het gezicht en de hals om vlekken te voorkomen.<br \/>\nRESULTATEN: Een 6-in-1 CC cr\u00e8me voor het gezicht, alle huidtinten, voor een compleet \u201cSublim&#8217; Skin\u201d effect. 6 werkingen in 1 product:<br \/>\nEgaliserend<br \/>\nSublimerend<br \/>\nHydraterend<br \/>\nPlumping<br \/>\nHelpt de huid beschermen<br \/>\nAnti-oxidant<\/p>\n","protected":false},"excerpt":{"rendered":"<p>Een 6-in-1 gezichtscr\u00e8me voor alle huidtinten voor een compleet \u201cSublim&#8217;Skin\u201d-effect.<br \/>\n&#8211; Alle huidtinten, doffe, oneffen teint.<br \/>\n&#8211; Hydrasublimerende textuur met micro-ingekapselde pigmenten die zich aanpassen aan de huidskleur.<br \/>\n&#8211; Frisse citrusnoten. &#8211; groene thee<\/p>\n","protected":false},"featured_media":10266,"template":"","meta":{"_acf_changed":false},"marque":[],"product_brand":[],"product_cat":[43],"product_tag":[],"class_list":{"0":"post-11629","1":"product","2":"type-product","3":"status-publish","4":"has-post-thumbnail","6":"product_cat-visage-nl","8":"first","9":"instock","10":"taxable","11":"shipping-taxable","12":"purchasable","13":"product-type-simple"},"acf":[],"_links":{"self":[{"href":"https:\/\/www.thalgo.be\/nl\/wp-json\/wp\/v2\/product\/11629","targetHints":{"allow":["GET"]}}],"collection":[{"href":"https:\/\/www.thalgo.be\/nl\/wp-json\/wp\/v2\/product"}],"about":[{"href":"https:\/\/www.thalgo.be\/nl\/wp-json\/wp\/v2\/types\/product"}],"wp:featuredmedia":[{"embeddable":true,"href":"https:\/\/www.thalgo.be\/nl\/wp-json\/wp\/v2\/media\/10266"}],"wp:attachment":[{"href":"https:\/\/www.thalgo.be\/nl\/wp-json\/wp\/v2\/media?parent=11629"}],"wp:term":[{"taxonomy":"marque","embeddable":true,"href":"https:\/\/www.thalgo.be\/nl\/wp-json\/wp\/v2\/marque?post=11629"},{"taxonomy":"product_brand","embeddable":true,"href":"https:\/\/www.thalgo.be\/nl\/wp-json\/wp\/v2\/product_brand?post=11629"},{"taxonomy":"product_cat","embeddable":true,"href":"https:\/\/www.thalgo.be\/nl\/wp-json\/wp\/v2\/product_cat?post=11629"},{"taxonomy":"product_tag","embeddable":true,"href":"https:\/\/www.thalgo.be\/nl\/wp-json\/wp\/v2\/product_tag?post=11629"}],"curies":[{"name":"wp","href":"https:\/\/api.w.org\/{rel}","templated":true}]}}