{"id":11614,"date":"2024-06-12T15:15:52","date_gmt":"2024-06-12T13:15:52","guid":{"rendered":"https:\/\/www.thalgo.be\/produit\/intex-n2-creme-vette-huid-50-ml\/"},"modified":"2025-02-04T14:53:30","modified_gmt":"2025-02-04T13:53:30","slug":"intex-n2-creme-vette-huid-50-ml","status":"publish","type":"product","link":"https:\/\/www.thalgo.be\/nl\/produit\/intex-n2-creme-vette-huid-50-ml\/","title":{"rendered":"Intex n\u00b02 creme Vette huid &#8211; 50 ml"},"content":{"rendered":"<div class=\"wpb-content-wrapper\"><p>[vc_row][vc_column][vc_column_text css=&#8221;&#8221;]ACTIEVE INGREDI\u00cbNTEN: 83% ingredi\u00ebnten van natuurlijke oorsprong<br \/>\nBASISFORMULE: zuiverende etherische olie van tijm<br \/>\nINTENSIEF ACTIEF: Zuiverende zink<br \/>\nSPECIFIEK ACTIEF: Regenererende Vitamine A<br \/>\nGEBRUIKSAANWIJZINGEN: &#8216;s Ochtends en\/of &#8216;s avonds op de gereinigde huid aanbrengen op de te behandelen zones van het gezicht. Goed inmasseren.<br \/>\nRESULTATEN: Een gevoel van zuiverheid en helderheid. *Consumententest uitgevoerd bij 42 vrijwilligers die Intex N\u00b02 Vette Huid Cr\u00e8me \u00e9\u00e9n of twee keer per dag gebruikten gedurende 28 dagen. Zelfevaluatie van het product (% vrijwilligers die het eens of enigszins eens waren met de bewering).<br \/>\n85% de huid is gezuiverd, ontgift en zichtbaar vrij van onzuiverheden na 7 dagen*, 83% de huid voelt frisser aan na 7 dagen*, 83% plaatselijke onzuiverheden zijn verminderd en kleine puistjes verdwenen na 7 dagen*, 92% het product brengt de huid weer in balans na 28 dagen*.<\/p>\n<h2>Ingredi\u00ebnten<\/h2>\n<p>AQUA (WATER)ZINC OXIDETALCPARAFFINUM LIQUIDUM (MINERAL OIL)FISH GLYCERIDESISOPROPYL MYRISTATELANOLINCERA ALBA (BEESWAX)CERA MICROCRISTALLINA (MICROCRYSTALLINE WAX)CETYL PALMITATEZINC STEARATEPARAFFINSORBITAN SESQUIOLEATEMETHYLPARABENTHYMUS VULGARIS (THYME) FLOWER\/LEAF OILCI 15985 (YELLOW 6)CI 14700 (RED 4)BHTLINALOOLLIMONENEPARFUM (FRAGRANCE)[\/vc_column_text][\/vc_column][\/vc_row]<\/p>\n<\/div>","protected":false},"excerpt":{"rendered":"<p>De legendarische SOS anti-puistjes behandeling sinds 1941. De met zink verrijkte formule zuivert de vette huid. Vanaf het 1 ste gebruik wordt de huid gematteerd en wordt het glimmen geneutraliseerd.<br \/>\n&#8211; Vette huid. Zichtbare onzuiverheden: puistjes, glimmen, pori\u00ebn.<br \/>\n&#8211; Iconische textuur: zuiverende antipuistjesbalsem.<br \/>\n&#8211; Signatuur parfum van Tijm.<\/p>\n","protected":false},"featured_media":10221,"template":"","meta":{"_acf_changed":false},"marque":[56],"product_brand":[],"product_cat":[43],"product_tag":[158],"class_list":{"0":"post-11614","1":"product","2":"type-product","3":"status-publish","4":"has-post-thumbnail","6":"marque-ella-bache-nl","7":"product_cat-visage-nl","8":"product_tag-ella-bache-2","10":"first","11":"instock","12":"taxable","13":"shipping-taxable","14":"purchasable","15":"product-type-simple"},"acf":[],"_links":{"self":[{"href":"https:\/\/www.thalgo.be\/nl\/wp-json\/wp\/v2\/product\/11614","targetHints":{"allow":["GET"]}}],"collection":[{"href":"https:\/\/www.thalgo.be\/nl\/wp-json\/wp\/v2\/product"}],"about":[{"href":"https:\/\/www.thalgo.be\/nl\/wp-json\/wp\/v2\/types\/product"}],"wp:featuredmedia":[{"embeddable":true,"href":"https:\/\/www.thalgo.be\/nl\/wp-json\/wp\/v2\/media\/10221"}],"wp:attachment":[{"href":"https:\/\/www.thalgo.be\/nl\/wp-json\/wp\/v2\/media?parent=11614"}],"wp:term":[{"taxonomy":"marque","embeddable":true,"href":"https:\/\/www.thalgo.be\/nl\/wp-json\/wp\/v2\/marque?post=11614"},{"taxonomy":"product_brand","embeddable":true,"href":"https:\/\/www.thalgo.be\/nl\/wp-json\/wp\/v2\/product_brand?post=11614"},{"taxonomy":"product_cat","embeddable":true,"href":"https:\/\/www.thalgo.be\/nl\/wp-json\/wp\/v2\/product_cat?post=11614"},{"taxonomy":"product_tag","embeddable":true,"href":"https:\/\/www.thalgo.be\/nl\/wp-json\/wp\/v2\/product_tag?post=11614"}],"curies":[{"name":"wp","href":"https:\/\/api.w.org\/{rel}","templated":true}]}}